{"id":169,"date":"2025-03-12T13:13:07","date_gmt":"2025-03-12T13:13:07","guid":{"rendered":"https:\/\/svensklekplats.se\/?page_id=169"},"modified":"2026-03-02T07:55:21","modified_gmt":"2026-03-02T07:55:21","slug":"elementor-169","status":"publish","type":"page","link":"https:\/\/svensklekplats.se\/index.php\/elementor-169\/","title":{"rendered":"Om oss"},"content":{"rendered":"\t\t<div data-elementor-type=\"wp-page\" data-elementor-id=\"169\" class=\"elementor elementor-169\" data-elementor-post-type=\"page\">\n\t\t\t\t<div class=\"elementor-element elementor-element-1624cb5 e-flex e-con-boxed e-con e-parent\" data-id=\"1624cb5\" data-element_type=\"container\" data-e-type=\"container\" data-settings=\"{&quot;background_background&quot;:&quot;classic&quot;}\">\n\t\t\t\t\t<div class=\"e-con-inner\">\n\t\t\t\t\t<\/div>\n\t\t\t\t<\/div>\n\t\t<div class=\"elementor-element elementor-element-375fc43 e-flex e-con-boxed e-con e-parent\" data-id=\"375fc43\" data-element_type=\"container\" data-e-type=\"container\" data-settings=\"{&quot;background_background&quot;:&quot;classic&quot;}\">\n\t\t\t\t\t<div class=\"e-con-inner\">\n\t\t\t\t<div class=\"elementor-element elementor-element-8e0ed3f elementor-widget__width-initial elementor-widget-tablet__width-initial elementor-widget elementor-widget-image\" data-id=\"8e0ed3f\" data-element_type=\"widget\" data-e-type=\"widget\" data-widget_type=\"image.default\">\n\t\t\t\t\t\t\t\t\t\t\t\t\t\t\t\t<a href=\"https:\/\/svensklekplats.se\/\">\n\t\t\t\t\t\t\t<img fetchpriority=\"high\" decoding=\"async\" width=\"446\" height=\"829\" src=\"https:\/\/svensklekplats.se\/wp-content\/uploads\/2025\/03\/Logotyp-Ikon-lila.png\" class=\"attachment-large size-large wp-image-60\" alt=\"\" srcset=\"https:\/\/svensklekplats.se\/wp-content\/uploads\/2025\/03\/Logotyp-Ikon-lila.png 446w, https:\/\/svensklekplats.se\/wp-content\/uploads\/2025\/03\/Logotyp-Ikon-lila-161x300.png 161w\" sizes=\"(max-width: 446px) 100vw, 446px\" \/>\t\t\t\t\t\t\t\t<\/a>\n\t\t\t\t\t\t\t\t\t\t\t\t\t\t\t<\/div>\n\t\t\t\t\t<\/div>\n\t\t\t\t<\/div>\n\t\t<div class=\"elementor-element elementor-element-26ebaa2 e-flex e-con-boxed e-con e-parent\" data-id=\"26ebaa2\" data-element_type=\"container\" data-e-type=\"container\">\n\t\t\t\t\t<div class=\"e-con-inner\">\n\t\t\t\t<div class=\"elementor-element elementor-element-bf9b6d2 elementor-widget elementor-widget-heading\" data-id=\"bf9b6d2\" data-element_type=\"widget\" data-e-type=\"widget\" data-widget_type=\"heading.default\">\n\t\t\t\t\t<h2 class=\"elementor-heading-title elementor-size-default\">Branschorganisationen Svensk Lekplats (Swedish Playground Association) grundades 2024 och \u00e4r en sammanslutning f\u00f6r i Sverige verksamma akt\u00f6rer inom lekplatsbranschen.<\/h2>\t\t\t\t<\/div>\n\t\t\t\t<div class=\"elementor-element elementor-element-67c2edf elementor-widget-divider--view-line elementor-widget elementor-widget-divider\" data-id=\"67c2edf\" data-element_type=\"widget\" data-e-type=\"widget\" data-widget_type=\"divider.default\">\n\t\t\t\t\t\t\t<div class=\"elementor-divider\">\n\t\t\t<span class=\"elementor-divider-separator\">\n\t\t\t\t\t\t<\/span>\n\t\t<\/div>\n\t\t\t\t\t\t<\/div>\n\t\t\t\t<div class=\"elementor-element elementor-element-2a75fc8 elementor-widget elementor-widget-text-editor\" data-id=\"2a75fc8\" data-element_type=\"widget\" data-e-type=\"widget\" data-widget_type=\"text-editor.default\">\n\t\t\t\t\t\t\t\t\t<p style=\"font-weight: 400;\"><strong>Bakgrund<\/strong><\/p><p style=\"font-weight: 400;\">Flera kollegor i lekplatsbranschen, som m\u00f6tts via bland annat Svenska Institutet f\u00f6r Standarder (SIS) d\u00e4r man var och \u00e4r aktiva medlemmar, uttryckte ett behov av att h\u00e5lla ihop branschens m\u00e5nga gemensamma utmaningar genom en branschorganisation.\u00a0<\/p><p style=\"font-weight: 400;\">Fem f\u00f6retag startade upp Branschorganisationen Svensk Lekplats (BSL) sommaren 2024 och d\u00e4refter bj\u00f6d man under h\u00f6sten 2024 in samtliga f\u00f6retag i lekplatsbranschen varav de tv\u00e5 s\u00f6kande blev invalda i januari 2025. Vid \u00e5rsm\u00f6tet 2026 valdes ytterligare tv\u00e5 medlemmar in i organisationen.<\/p><p style=\"font-weight: 400;\">2026 best\u00e5r BSL av f\u00f6ljande f\u00f6retag:<\/p><p style=\"font-weight: 400;\">Tress Sport &amp; Lek AB, HAGS Aneby AB, Stiliom AB, Kompan AB, CADO AB, S\u00f6ve AB, Folklek AB, JW Lekplatser AB samt Svenska Naturlekplatser AB.<\/p><p style=\"font-weight: 400;\"><strong>Syfte<\/strong><\/p><p style=\"font-weight: 400;\">Syftet med BSL \u00e4r att behandla gemensamma branschfr\u00e5gor i ett st\u00f6rre forum d\u00e4r man kan g\u00f6ra gemensamma st\u00e4llningstagande kring diverse fr\u00e5gor och utmaningar. Exempel kan vara besiktningsfr\u00e5gor eller fr\u00e5gor kopplat direkt till en standard som EN1176.<\/p><p style=\"font-weight: 400;\">Syftet \u00e4r ocks\u00e5 att best\u00e4llare, f\u00f6reskrivare och upphandlare ska kunna v\u00e4nda sig brett till en branschorganisation med fr\u00e5gor som b\u00e4st besvaras objektivt av flera intressenter.<\/p><p style=\"font-weight: 400;\">Vi tycker att transparens tillsammans med stor branschkunskap \u00e4r avg\u00f6rande faktorer f\u00f6r att skapa en sund marknad d\u00e4r seriositet k\u00e4nnetecknar samtliga f\u00f6retag i BSL.<\/p><p style=\"font-weight: 400;\"><strong>Kontakt<\/strong><\/p><p style=\"font-weight: 400;\">Man kan kontakta BSL via mejl och samtliga fr\u00e5gor \u00e4r publika f\u00f6r alla medlemmar i BSL.<\/p><p style=\"font-weight: 400;\">Svaren man f\u00e5r tillbaka \u00e4r avst\u00e4mda med samtliga medlemmar och d\u00e4rf\u00f6r kan svarstiden variera p\u00e5 allt ifr\u00e5n n\u00e5gra dagar till n\u00e5gra veckor.<\/p><p style=\"font-weight: 400;\">V\u00e5r f\u00f6rhoppning \u00e4r att du som best\u00e4llare, f\u00f6reskrivare, upphandlare eller annan intressent ska f\u00e5 en bra och seri\u00f6s upplevelse n\u00e4r du \u00e4r i kontakt med oss i BSL och vi kommer g\u00f6ra v\u00e5rt yttersta f\u00f6r att leva upp till dina f\u00f6rv\u00e4ntningar.<\/p><p style=\"font-weight: 400;\">V\u00e4nliga h\u00e4lsningar, medlemmarna i Branschorganisationen Svensk Lekplats<\/p>\t\t\t\t\t\t\t\t<\/div>\n\t\t\t\t<div class=\"elementor-element elementor-element-d5cd2b0 elementor-widget-divider--view-line elementor-widget elementor-widget-divider\" data-id=\"d5cd2b0\" data-element_type=\"widget\" data-e-type=\"widget\" data-widget_type=\"divider.default\">\n\t\t\t\t\t\t\t<div class=\"elementor-divider\">\n\t\t\t<span class=\"elementor-divider-separator\">\n\t\t\t\t\t\t<\/span>\n\t\t<\/div>\n\t\t\t\t\t\t<\/div>\n\t\t\t\t<div class=\"elementor-element elementor-element-a9f0783 elementor-mobile-align-center elementor-align-center elementor-widget elementor-widget-button\" data-id=\"a9f0783\" data-element_type=\"widget\" data-e-type=\"widget\" data-widget_type=\"button.default\">\n\t\t\t\t\t\t\t\t\t\t<a class=\"elementor-button elementor-button-link elementor-size-sm\" href=\"https:\/\/svensklekplats.se\/\">\n\t\t\t\t\t\t<span class=\"elementor-button-content-wrapper\">\n\t\t\t\t\t\t\t\t\t<span class=\"elementor-button-text\">Tillbaka<\/span>\n\t\t\t\t\t<\/span>\n\t\t\t\t\t<\/a>\n\t\t\t\t\t\t\t\t<\/div>\n\t\t\t\t\t<\/div>\n\t\t\t\t<\/div>\n\t\t<div class=\"elementor-element elementor-element-6262769 e-flex e-con-boxed e-con e-parent\" data-id=\"6262769\" data-element_type=\"container\" data-e-type=\"container\" data-settings=\"{&quot;background_background&quot;:&quot;classic&quot;}\">\n\t\t\t\t\t<div class=\"e-con-inner\">\n\t\t\t\t\t<\/div>\n\t\t\t\t<\/div>\n\t\t\t\t<\/div>\n\t\t","protected":false},"excerpt":{"rendered":"<p>Branschorganisationen Svensk Lekplats (Swedish Playground Association) grundades 2024 och \u00e4r en sammanslutning f\u00f6r i Sverige verksamma akt\u00f6rer inom lekplatsbranschen. Bakgrund Flera kollegor i lekplatsbranschen, som m\u00f6tts via bland annat Svenska Institutet f\u00f6r Standarder (SIS) d\u00e4r man var och \u00e4r aktiva medlemmar, uttryckte ett behov av att h\u00e5lla ihop branschens m\u00e5nga gemensamma utmaningar genom en branschorganisation.\u00a0 [&hellip;]<\/p>\n","protected":false},"author":1,"featured_media":0,"parent":0,"menu_order":0,"comment_status":"closed","ping_status":"closed","template":"elementor_canvas","meta":{"footnotes":""},"class_list":["post-169","page","type-page","status-publish","hentry"],"_links":{"self":[{"href":"https:\/\/svensklekplats.se\/index.php\/wp-json\/wp\/v2\/pages\/169","targetHints":{"allow":["GET"]}}],"collection":[{"href":"https:\/\/svensklekplats.se\/index.php\/wp-json\/wp\/v2\/pages"}],"about":[{"href":"https:\/\/svensklekplats.se\/index.php\/wp-json\/wp\/v2\/types\/page"}],"author":[{"embeddable":true,"href":"https:\/\/svensklekplats.se\/index.php\/wp-json\/wp\/v2\/users\/1"}],"replies":[{"embeddable":true,"href":"https:\/\/svensklekplats.se\/index.php\/wp-json\/wp\/v2\/comments?post=169"}],"version-history":[{"count":58,"href":"https:\/\/svensklekplats.se\/index.php\/wp-json\/wp\/v2\/pages\/169\/revisions"}],"predecessor-version":[{"id":553,"href":"https:\/\/svensklekplats.se\/index.php\/wp-json\/wp\/v2\/pages\/169\/revisions\/553"}],"wp:attachment":[{"href":"https:\/\/svensklekplats.se\/index.php\/wp-json\/wp\/v2\/media?parent=169"}],"curies":[{"name":"wp","href":"https:\/\/api.w.org\/{rel}","templated":true}]}}