{"id":2,"date":"2025-03-11T11:02:06","date_gmt":"2025-03-11T11:02:06","guid":{"rendered":"https:\/\/svensklekplats.se\/?page_id=2"},"modified":"2026-03-02T07:53:28","modified_gmt":"2026-03-02T07:53:28","slug":"sample-page","status":"publish","type":"page","link":"https:\/\/svensklekplats.se\/","title":{"rendered":"Branschorganisationen Svensk Lekplats"},"content":{"rendered":"\t\t<div data-elementor-type=\"wp-page\" data-elementor-id=\"2\" class=\"elementor elementor-2\" data-elementor-post-type=\"page\">\n\t\t\t\t<div class=\"elementor-element elementor-element-be4ff2e e-flex e-con-boxed e-con e-parent\" data-id=\"be4ff2e\" data-element_type=\"container\" data-e-type=\"container\" data-settings=\"{&quot;background_background&quot;:&quot;classic&quot;}\">\n\t\t\t\t\t<div class=\"e-con-inner\">\n\t\t\t\t\t<\/div>\n\t\t\t\t<\/div>\n\t\t<div class=\"elementor-element elementor-element-89e1d31 e-flex e-con-boxed e-con e-parent\" data-id=\"89e1d31\" data-element_type=\"container\" data-e-type=\"container\">\n\t\t\t\t\t<div class=\"e-con-inner\">\n\t\t\t\t<div class=\"elementor-element elementor-element-006fd22 elementor-widget elementor-widget-image\" data-id=\"006fd22\" data-element_type=\"widget\" data-e-type=\"widget\" data-widget_type=\"image.default\">\n\t\t\t\t\t\t\t\t\t\t\t\t\t\t\t<img fetchpriority=\"high\" decoding=\"async\" width=\"800\" height=\"385\" src=\"https:\/\/svensklekplats.se\/wp-content\/uploads\/2025\/03\/logotyp-lila-1024x493.png\" class=\"attachment-large size-large wp-image-61\" alt=\"\" srcset=\"https:\/\/svensklekplats.se\/wp-content\/uploads\/2025\/03\/logotyp-lila-1024x493.png 1024w, https:\/\/svensklekplats.se\/wp-content\/uploads\/2025\/03\/logotyp-lila-300x145.png 300w, https:\/\/svensklekplats.se\/wp-content\/uploads\/2025\/03\/logotyp-lila-768x370.png 768w, https:\/\/svensklekplats.se\/wp-content\/uploads\/2025\/03\/logotyp-lila-1536x740.png 1536w, https:\/\/svensklekplats.se\/wp-content\/uploads\/2025\/03\/logotyp-lila-2048x987.png 2048w\" sizes=\"(max-width: 800px) 100vw, 800px\" \/>\t\t\t\t\t\t\t\t\t\t\t\t\t\t\t<\/div>\n\t\t\t\t\t<\/div>\n\t\t\t\t<\/div>\n\t\t<div class=\"elementor-element elementor-element-426309a6 elementor-hidden-mobile e-flex e-con-boxed e-con e-parent\" data-id=\"426309a6\" data-element_type=\"container\" data-e-type=\"container\" data-settings=\"{&quot;background_background&quot;:&quot;classic&quot;}\">\n\t\t\t\t\t<div class=\"e-con-inner\">\n\t\t<div class=\"elementor-element elementor-element-486fe0d8 e-con-full e-flex e-con e-child\" data-id=\"486fe0d8\" data-element_type=\"container\" data-e-type=\"container\">\n\t\t\t\t<div class=\"elementor-element elementor-element-1997dbe6 elementor-hidden-mobile elementor-widget elementor-widget-heading\" data-id=\"1997dbe6\" data-element_type=\"widget\" data-e-type=\"widget\" data-widget_type=\"heading.default\">\n\t\t\t\t\t<h3 class=\"elementor-heading-title elementor-size-default\">V\u00e4lkommen till branschorganisationen Svensk Lekplats!<\/h3>\t\t\t\t<\/div>\n\t\t\t\t<div class=\"elementor-element elementor-element-22c5eea elementor-widget-divider--view-line elementor-widget elementor-widget-divider\" data-id=\"22c5eea\" data-element_type=\"widget\" data-e-type=\"widget\" data-widget_type=\"divider.default\">\n\t\t\t\t\t\t\t<div class=\"elementor-divider\">\n\t\t\t<span class=\"elementor-divider-separator\">\n\t\t\t\t\t\t<\/span>\n\t\t<\/div>\n\t\t\t\t\t\t<\/div>\n\t\t\t\t<\/div>\n\t\t\t\t\t<\/div>\n\t\t\t\t<\/div>\n\t\t<div class=\"elementor-element elementor-element-2c77ad9 e-flex e-con-boxed e-con e-parent\" data-id=\"2c77ad9\" data-element_type=\"container\" data-e-type=\"container\">\n\t\t\t\t\t<div class=\"e-con-inner\">\n\t\t<div class=\"elementor-element elementor-element-5b98248 e-con-full e-flex e-con e-child\" data-id=\"5b98248\" data-element_type=\"container\" data-e-type=\"container\">\n\t\t\t\t<div class=\"elementor-element elementor-element-7e15640 elementor-widget elementor-widget-text-editor\" data-id=\"7e15640\" data-element_type=\"widget\" data-e-type=\"widget\" data-widget_type=\"text-editor.default\">\n\t\t\t\t\t\t\t\t\t<p>Branschorganisationen Svensk Lekplats grundades 2024 och \u00e4r en sammanslutning f\u00f6r i Sverige verksamma akt\u00f6rer inom lekplatsbranschen.<\/p>\t\t\t\t\t\t\t\t<\/div>\n\t\t\t\t<div class=\"elementor-element elementor-element-2dcaa326 elementor-mobile-align-center elementor-align-center elementor-widget elementor-widget-button\" data-id=\"2dcaa326\" data-element_type=\"widget\" data-e-type=\"widget\" data-widget_type=\"button.default\">\n\t\t\t\t\t\t\t\t\t\t<a class=\"elementor-button elementor-button-link elementor-size-sm\" href=\"https:\/\/svensklekplats.se\/index.php\/elementor-169\/\">\n\t\t\t\t\t\t<span class=\"elementor-button-content-wrapper\">\n\t\t\t\t\t\t\t\t\t<span class=\"elementor-button-text\">Om BSL<\/span>\n\t\t\t\t\t<\/span>\n\t\t\t\t\t<\/a>\n\t\t\t\t\t\t\t\t<\/div>\n\t\t\t\t<\/div>\n\t\t<div class=\"elementor-element elementor-element-52ec683 e-con-full e-flex e-con e-child\" data-id=\"52ec683\" data-element_type=\"container\" data-e-type=\"container\">\n\t\t\t\t<div class=\"elementor-element elementor-element-79a4da4 elementor-hidden-tablet elementor-hidden-mobile elementor-widget elementor-widget-text-editor\" data-id=\"79a4da4\" data-element_type=\"widget\" data-e-type=\"widget\" data-widget_type=\"text-editor.default\">\n\t\t\t\t\t\t\t\t\t<p>Vill du n\u00e5 kontakt med oss?<br \/><span style=\"font-family: var( --e-global-typography-text-font-family ), Sans-serif; font-size: 1rem;\">Tveka inte att h\u00f6ra av dig!<\/span><\/p>\t\t\t\t\t\t\t\t<\/div>\n\t\t\t\t<div class=\"elementor-element elementor-element-beecabb elementor-hidden-desktop elementor-hidden-mobile elementor-widget elementor-widget-text-editor\" data-id=\"beecabb\" data-element_type=\"widget\" data-e-type=\"widget\" data-widget_type=\"text-editor.default\">\n\t\t\t\t\t\t\t\t\t<p>Vill du n\u00e5 kontakt med oss?<br \/><span style=\"font-family: var( --e-global-typography-text-font-family ), Sans-serif; font-size: 1rem;\">Tveka inte att h\u00f6ra av dig!<br \/><br \/><\/span><\/p>\t\t\t\t\t\t\t\t<\/div>\n\t\t\t\t<div class=\"elementor-element elementor-element-bd90476 elementor-mobile-align-center elementor-align-center elementor-widget elementor-widget-button\" data-id=\"bd90476\" data-element_type=\"widget\" data-e-type=\"widget\" data-widget_type=\"button.default\">\n\t\t\t\t\t\t\t\t\t\t<a class=\"elementor-button elementor-button-link elementor-size-sm\" href=\"mailto:info@svensklekplats.se\">\n\t\t\t\t\t\t<span class=\"elementor-button-content-wrapper\">\n\t\t\t\t\t\t\t\t\t<span class=\"elementor-button-text\">Kontakta BSL<\/span>\n\t\t\t\t\t<\/span>\n\t\t\t\t\t<\/a>\n\t\t\t\t\t\t\t\t<\/div>\n\t\t\t\t<\/div>\n\t\t\t\t\t<\/div>\n\t\t\t\t<\/div>\n\t\t<div class=\"elementor-element elementor-element-427c1c77 e-flex e-con-boxed e-con e-parent\" data-id=\"427c1c77\" data-element_type=\"container\" data-e-type=\"container\" data-settings=\"{&quot;background_background&quot;:&quot;classic&quot;,&quot;shape_divider_bottom&quot;:&quot;curve-asymmetrical&quot;}\">\n\t\t\t\t\t<div class=\"e-con-inner\">\n\t\t\t\t<div class=\"elementor-shape elementor-shape-bottom\" aria-hidden=\"true\" data-negative=\"false\">\n\t\t\t<svg xmlns=\"http:\/\/www.w3.org\/2000\/svg\" viewBox=\"0 0 1000 100\" preserveAspectRatio=\"none\">\n\t<path class=\"elementor-shape-fill\" d=\"M0,0c0,0,0,6,0,6.7c0,18,240.2,93.6,615.2,92.6C989.8,98.5,1000,25,1000,6.7c0-0.7,0-6.7,0-6.7H0z\"\/>\n<\/svg>\t\t<\/div>\n\t\t<div class=\"elementor-element elementor-element-5482cb12 e-flex e-con-boxed e-con e-child\" data-id=\"5482cb12\" data-element_type=\"container\" data-e-type=\"container\">\n\t\t\t\t\t<div class=\"e-con-inner\">\n\t\t\t\t<div class=\"elementor-element elementor-element-4e1cd512 elementor-widget elementor-widget-heading\" data-id=\"4e1cd512\" data-element_type=\"widget\" data-e-type=\"widget\" data-widget_type=\"heading.default\">\n\t\t\t\t\t<h2 class=\"elementor-heading-title elementor-size-default\">Nyheter<\/h2>\t\t\t\t<\/div>\n\t\t\t\t<div class=\"elementor-element elementor-element-3378f87f elementor-widget elementor-widget-text-editor\" data-id=\"3378f87f\" data-element_type=\"widget\" data-e-type=\"widget\" data-widget_type=\"text-editor.default\">\n\t\t\t\t\t\t\t\t\t<p>Senaste nytt fr\u00e5n Svensk Lekplats<\/p>\t\t\t\t\t\t\t\t<\/div>\n\t\t<div class=\"elementor-element elementor-element-5776e3e e-grid e-con-full e-con e-child\" data-id=\"5776e3e\" data-element_type=\"container\" data-e-type=\"container\">\n\t\t\t\t<div class=\"elementor-element elementor-element-e312555 elementor-widget elementor-widget-image\" data-id=\"e312555\" data-element_type=\"widget\" data-e-type=\"widget\" data-widget_type=\"image.default\">\n\t\t\t\t\t\t\t\t\t\t\t\t\t\t\t\t<a href=\"https:\/\/svensklekplats.se\/index.php\/2025\/10\/06\/elementor-453\/\">\n\t\t\t\t\t\t\t<img decoding=\"async\" width=\"424\" height=\"239\" src=\"https:\/\/svensklekplats.se\/wp-content\/uploads\/2025\/10\/Skarmavbild-2025-10-14-kl.-10.59.07.png\" class=\"attachment-large size-large wp-image-541\" alt=\"\" srcset=\"https:\/\/svensklekplats.se\/wp-content\/uploads\/2025\/10\/Skarmavbild-2025-10-14-kl.-10.59.07.png 424w, https:\/\/svensklekplats.se\/wp-content\/uploads\/2025\/10\/Skarmavbild-2025-10-14-kl.-10.59.07-300x169.png 300w\" sizes=\"(max-width: 424px) 100vw, 424px\" \/>\t\t\t\t\t\t\t\t<\/a>\n\t\t\t\t\t\t\t\t\t\t\t\t\t\t\t<\/div>\n\t\t\t\t<div class=\"elementor-element elementor-element-6663cf0 elementor-widget elementor-widget-image\" data-id=\"6663cf0\" data-element_type=\"widget\" data-e-type=\"widget\" data-widget_type=\"image.default\">\n\t\t\t\t\t\t\t\t\t\t\t\t\t\t\t\t<a href=\"https:\/\/svensklekplats.se\/index.php\/2025\/10\/06\/saker-hjalmlek\/\">\n\t\t\t\t\t\t\t<img decoding=\"async\" width=\"423\" height=\"237\" src=\"https:\/\/svensklekplats.se\/wp-content\/uploads\/2025\/10\/Skarmavbild-2025-10-14-kl.-10.59.20.png\" class=\"attachment-large size-large wp-image-539\" alt=\"\" srcset=\"https:\/\/svensklekplats.se\/wp-content\/uploads\/2025\/10\/Skarmavbild-2025-10-14-kl.-10.59.20.png 423w, https:\/\/svensklekplats.se\/wp-content\/uploads\/2025\/10\/Skarmavbild-2025-10-14-kl.-10.59.20-300x168.png 300w\" sizes=\"(max-width: 423px) 100vw, 423px\" \/>\t\t\t\t\t\t\t\t<\/a>\n\t\t\t\t\t\t\t\t\t\t\t\t\t\t\t<\/div>\n\t\t\t\t<div class=\"elementor-element elementor-element-85d0b9b elementor-widget elementor-widget-image\" data-id=\"85d0b9b\" data-element_type=\"widget\" data-e-type=\"widget\" data-widget_type=\"image.default\">\n\t\t\t\t\t\t\t\t\t\t\t\t\t\t\t\t<a href=\"https:\/\/svensklekplats.se\/index.php\/2025\/03\/13\/elementor-314\/\">\n\t\t\t\t\t\t\t<img loading=\"lazy\" decoding=\"async\" width=\"417\" height=\"243\" src=\"https:\/\/svensklekplats.se\/wp-content\/uploads\/2025\/10\/Skarmavbild-2025-10-14-kl.-10.59.13.png\" class=\"attachment-large size-large wp-image-540\" alt=\"\" srcset=\"https:\/\/svensklekplats.se\/wp-content\/uploads\/2025\/10\/Skarmavbild-2025-10-14-kl.-10.59.13.png 417w, https:\/\/svensklekplats.se\/wp-content\/uploads\/2025\/10\/Skarmavbild-2025-10-14-kl.-10.59.13-300x175.png 300w\" sizes=\"(max-width: 417px) 100vw, 417px\" \/>\t\t\t\t\t\t\t\t<\/a>\n\t\t\t\t\t\t\t\t\t\t\t\t\t\t\t<\/div>\n\t\t\t\t<div class=\"elementor-element elementor-element-6b416bc elementor-widget elementor-widget-image\" data-id=\"6b416bc\" data-element_type=\"widget\" data-e-type=\"widget\" data-widget_type=\"image.default\">\n\t\t\t\t\t\t\t\t\t\t\t\t\t\t\t\t<a href=\"https:\/\/svensklekplats.se\/index.php\/2025\/10\/14\/vad-ar-tolkningsgruppen\/\">\n\t\t\t\t\t\t\t<img loading=\"lazy\" decoding=\"async\" width=\"423\" height=\"244\" src=\"https:\/\/svensklekplats.se\/wp-content\/uploads\/2025\/10\/Skarmavbild-2025-10-14-kl.-10.59.26.png\" class=\"attachment-large size-large wp-image-538\" alt=\"\" srcset=\"https:\/\/svensklekplats.se\/wp-content\/uploads\/2025\/10\/Skarmavbild-2025-10-14-kl.-10.59.26.png 423w, https:\/\/svensklekplats.se\/wp-content\/uploads\/2025\/10\/Skarmavbild-2025-10-14-kl.-10.59.26-300x173.png 300w\" sizes=\"(max-width: 423px) 100vw, 423px\" \/>\t\t\t\t\t\t\t\t<\/a>\n\t\t\t\t\t\t\t\t\t\t\t\t\t\t\t<\/div>\n\t\t\t\t<\/div>\n\t\t\t\t\t<\/div>\n\t\t\t\t<\/div>\n\t\t\t\t\t<\/div>\n\t\t\t\t<\/div>\n\t\t<div class=\"elementor-element elementor-element-b1a4091 e-flex e-con-boxed e-con e-parent\" data-id=\"b1a4091\" data-element_type=\"container\" data-e-type=\"container\" data-settings=\"{&quot;background_background&quot;:&quot;classic&quot;}\">\n\t\t\t\t\t<div class=\"e-con-inner\">\n\t\t\t\t<div class=\"elementor-element elementor-element-1a00358 elementor-hidden-tablet elementor-hidden-mobile elementor-widget elementor-widget-heading\" data-id=\"1a00358\" data-element_type=\"widget\" data-e-type=\"widget\" data-widget_type=\"heading.default\">\n\t\t\t\t\t<h2 class=\"elementor-heading-title elementor-size-default\">Medlemmar av Branschorganisationen Svensk Lekplats:<\/h2>\t\t\t\t<\/div>\n\t\t\t\t\t<\/div>\n\t\t\t\t<\/div>\n\t\t<div class=\"elementor-element elementor-element-43776a6 e-grid e-con-boxed e-con e-parent\" data-id=\"43776a6\" data-element_type=\"container\" data-e-type=\"container\" data-settings=\"{&quot;background_background&quot;:&quot;classic&quot;}\">\n\t\t\t\t\t<div class=\"e-con-inner\">\n\t\t\t\t<div class=\"elementor-element elementor-element-b648f90 elementor-widget elementor-widget-image\" data-id=\"b648f90\" data-element_type=\"widget\" data-e-type=\"widget\" data-widget_type=\"image.default\">\n\t\t\t\t\t\t\t\t\t\t\t\t\t\t\t\t<a href=\"http:\/\/www.tress.com\" target=\"_blank\">\n\t\t\t\t\t\t\t<img loading=\"lazy\" decoding=\"async\" width=\"800\" height=\"316\" src=\"https:\/\/svensklekplats.se\/wp-content\/uploads\/2025\/03\/Tress-1024x405.png\" class=\"attachment-large size-large wp-image-23\" alt=\"\" srcset=\"https:\/\/svensklekplats.se\/wp-content\/uploads\/2025\/03\/Tress-1024x405.png 1024w, https:\/\/svensklekplats.se\/wp-content\/uploads\/2025\/03\/Tress-300x119.png 300w, https:\/\/svensklekplats.se\/wp-content\/uploads\/2025\/03\/Tress-768x304.png 768w, https:\/\/svensklekplats.se\/wp-content\/uploads\/2025\/03\/Tress.png 1343w\" sizes=\"(max-width: 800px) 100vw, 800px\" \/>\t\t\t\t\t\t\t\t<\/a>\n\t\t\t\t\t\t\t\t\t\t\t\t\t\t\t<\/div>\n\t\t\t\t<div class=\"elementor-element elementor-element-b735d5d elementor-widget elementor-widget-image\" data-id=\"b735d5d\" data-element_type=\"widget\" data-e-type=\"widget\" data-widget_type=\"image.default\">\n\t\t\t\t\t\t\t\t\t\t\t\t\t\t\t\t<a href=\"http:\/\/www.stiliom.se\" target=\"_blank\">\n\t\t\t\t\t\t\t<img loading=\"lazy\" decoding=\"async\" width=\"300\" height=\"207\" src=\"https:\/\/svensklekplats.se\/wp-content\/uploads\/2025\/03\/Stiliom.png\" class=\"attachment-large size-large wp-image-24\" alt=\"\" \/>\t\t\t\t\t\t\t\t<\/a>\n\t\t\t\t\t\t\t\t\t\t\t\t\t\t\t<\/div>\n\t\t\t\t<div class=\"elementor-element elementor-element-4d0f8ea elementor-widget elementor-widget-image\" data-id=\"4d0f8ea\" data-element_type=\"widget\" data-e-type=\"widget\" data-widget_type=\"image.default\">\n\t\t\t\t\t\t\t\t\t\t\t\t\t\t\t\t<a href=\"http:\/\/www.hags.se\" target=\"_blank\">\n\t\t\t\t\t\t\t<img loading=\"lazy\" decoding=\"async\" width=\"330\" height=\"330\" src=\"https:\/\/svensklekplats.se\/wp-content\/uploads\/2025\/03\/HAGS.png\" class=\"attachment-large size-large wp-image-186\" alt=\"\" srcset=\"https:\/\/svensklekplats.se\/wp-content\/uploads\/2025\/03\/HAGS.png 330w, https:\/\/svensklekplats.se\/wp-content\/uploads\/2025\/03\/HAGS-300x300.png 300w, https:\/\/svensklekplats.se\/wp-content\/uploads\/2025\/03\/HAGS-150x150.png 150w\" sizes=\"(max-width: 330px) 100vw, 330px\" \/>\t\t\t\t\t\t\t\t<\/a>\n\t\t\t\t\t\t\t\t\t\t\t\t\t\t\t<\/div>\n\t\t\t\t<div class=\"elementor-element elementor-element-8bf65f6 elementor-widget elementor-widget-image\" data-id=\"8bf65f6\" data-element_type=\"widget\" data-e-type=\"widget\" data-widget_type=\"image.default\">\n\t\t\t\t\t\t\t\t\t\t\t\t\t\t\t\t<a href=\"http:\/\/www.cado.se\" target=\"_blank\">\n\t\t\t\t\t\t\t<img loading=\"lazy\" decoding=\"async\" width=\"354\" height=\"56\" src=\"https:\/\/svensklekplats.se\/wp-content\/uploads\/2025\/03\/CADO.png\" class=\"attachment-large size-large wp-image-19\" alt=\"\" srcset=\"https:\/\/svensklekplats.se\/wp-content\/uploads\/2025\/03\/CADO.png 354w, https:\/\/svensklekplats.se\/wp-content\/uploads\/2025\/03\/CADO-300x47.png 300w\" sizes=\"(max-width: 354px) 100vw, 354px\" \/>\t\t\t\t\t\t\t\t<\/a>\n\t\t\t\t\t\t\t\t\t\t\t\t\t\t\t<\/div>\n\t\t\t\t<div class=\"elementor-element elementor-element-834a945 elementor-widget elementor-widget-image\" data-id=\"834a945\" data-element_type=\"widget\" data-e-type=\"widget\" data-widget_type=\"image.default\">\n\t\t\t\t\t\t\t\t\t\t\t\t\t\t\t\t<a href=\"http:\/\/www.kompan.se\" target=\"_blank\">\n\t\t\t\t\t\t\t<img loading=\"lazy\" decoding=\"async\" width=\"800\" height=\"318\" src=\"https:\/\/svensklekplats.se\/wp-content\/uploads\/2025\/03\/KOMPAN.png\" class=\"attachment-large size-large wp-image-25\" alt=\"\" srcset=\"https:\/\/svensklekplats.se\/wp-content\/uploads\/2025\/03\/KOMPAN.png 1000w, https:\/\/svensklekplats.se\/wp-content\/uploads\/2025\/03\/KOMPAN-300x119.png 300w, https:\/\/svensklekplats.se\/wp-content\/uploads\/2025\/03\/KOMPAN-768x305.png 768w\" sizes=\"(max-width: 800px) 100vw, 800px\" \/>\t\t\t\t\t\t\t\t<\/a>\n\t\t\t\t\t\t\t\t\t\t\t\t\t\t\t<\/div>\n\t\t\t\t<div class=\"elementor-element elementor-element-52696a7 elementor-widget elementor-widget-image\" data-id=\"52696a7\" data-element_type=\"widget\" data-e-type=\"widget\" data-widget_type=\"image.default\">\n\t\t\t\t\t\t\t\t\t\t\t\t\t\t\t\t<a href=\"http:\/\/www.sove.se\" target=\"_blank\">\n\t\t\t\t\t\t\t<img loading=\"lazy\" decoding=\"async\" width=\"170\" height=\"51\" src=\"https:\/\/svensklekplats.se\/wp-content\/uploads\/2025\/03\/Sove.png\" class=\"attachment-large size-large wp-image-20\" alt=\"\" \/>\t\t\t\t\t\t\t\t<\/a>\n\t\t\t\t\t\t\t\t\t\t\t\t\t\t\t<\/div>\n\t\t\t\t<div class=\"elementor-element elementor-element-9428f8f elementor-widget elementor-widget-image\" data-id=\"9428f8f\" data-element_type=\"widget\" data-e-type=\"widget\" data-widget_type=\"image.default\">\n\t\t\t\t\t\t\t\t\t\t\t\t\t\t\t\t<a href=\"http:\/\/www.folklek.se\" target=\"_blank\">\n\t\t\t\t\t\t\t<img loading=\"lazy\" decoding=\"async\" width=\"300\" height=\"88\" src=\"https:\/\/svensklekplats.se\/wp-content\/uploads\/2025\/03\/Folklek.png\" class=\"attachment-large size-large wp-image-21\" alt=\"\" \/>\t\t\t\t\t\t\t\t<\/a>\n\t\t\t\t\t\t\t\t\t\t\t\t\t\t\t<\/div>\n\t\t\t\t<div class=\"elementor-element elementor-element-9ff34c1 elementor-widget elementor-widget-image\" data-id=\"9ff34c1\" data-element_type=\"widget\" data-e-type=\"widget\" data-widget_type=\"image.default\">\n\t\t\t\t\t\t\t\t\t\t\t\t\t\t\t<img loading=\"lazy\" decoding=\"async\" width=\"722\" height=\"317\" src=\"https:\/\/svensklekplats.se\/wp-content\/uploads\/2026\/03\/JW-Lekplatser.jpg\" class=\"attachment-large size-large wp-image-547\" alt=\"\" srcset=\"https:\/\/svensklekplats.se\/wp-content\/uploads\/2026\/03\/JW-Lekplatser.jpg 722w, https:\/\/svensklekplats.se\/wp-content\/uploads\/2026\/03\/JW-Lekplatser-300x132.jpg 300w\" sizes=\"(max-width: 722px) 100vw, 722px\" \/>\t\t\t\t\t\t\t\t\t\t\t\t\t\t\t<\/div>\n\t\t\t\t<div class=\"elementor-element elementor-element-3d93092 elementor-widget elementor-widget-image\" data-id=\"3d93092\" data-element_type=\"widget\" data-e-type=\"widget\" data-widget_type=\"image.default\">\n\t\t\t\t\t\t\t\t\t\t\t\t\t\t\t<img loading=\"lazy\" decoding=\"async\" width=\"324\" height=\"84\" src=\"https:\/\/svensklekplats.se\/wp-content\/uploads\/2026\/03\/Skarmavbild-2026-03-02-kl.-08.50.00.png\" class=\"attachment-large size-large wp-image-546\" alt=\"\" srcset=\"https:\/\/svensklekplats.se\/wp-content\/uploads\/2026\/03\/Skarmavbild-2026-03-02-kl.-08.50.00.png 324w, https:\/\/svensklekplats.se\/wp-content\/uploads\/2026\/03\/Skarmavbild-2026-03-02-kl.-08.50.00-300x78.png 300w\" sizes=\"(max-width: 324px) 100vw, 324px\" \/>\t\t\t\t\t\t\t\t\t\t\t\t\t\t\t<\/div>\n\t\t\t\t\t<\/div>\n\t\t\t\t<\/div>\n\t\t<div class=\"elementor-element elementor-element-09be96d e-flex e-con-boxed e-con e-parent\" data-id=\"09be96d\" data-element_type=\"container\" data-e-type=\"container\" data-settings=\"{&quot;background_background&quot;:&quot;classic&quot;}\">\n\t\t\t\t\t<div class=\"e-con-inner\">\n\t\t\t\t\t<\/div>\n\t\t\t\t<\/div>\n\t\t\t\t<\/div>\n\t\t","protected":false},"excerpt":{"rendered":"<p>V\u00e4lkommen till branschorganisationen Svensk Lekplats! Branschorganisationen Svensk Lekplats grundades 2024 och \u00e4r en sammanslutning f\u00f6r i Sverige verksamma akt\u00f6rer inom lekplatsbranschen. Om BSL Vill du n\u00e5 kontakt med oss?Tveka inte att h\u00f6ra av dig! Vill du n\u00e5 kontakt med oss?Tveka inte att h\u00f6ra av dig! Kontakta BSL Nyheter Senaste nytt fr\u00e5n Svensk Lekplats Medlemmar av [&hellip;]<\/p>\n","protected":false},"author":1,"featured_media":0,"parent":0,"menu_order":0,"comment_status":"closed","ping_status":"open","template":"elementor_canvas","meta":{"footnotes":""},"class_list":["post-2","page","type-page","status-publish","hentry"],"_links":{"self":[{"href":"https:\/\/svensklekplats.se\/index.php\/wp-json\/wp\/v2\/pages\/2","targetHints":{"allow":["GET"]}}],"collection":[{"href":"https:\/\/svensklekplats.se\/index.php\/wp-json\/wp\/v2\/pages"}],"about":[{"href":"https:\/\/svensklekplats.se\/index.php\/wp-json\/wp\/v2\/types\/page"}],"author":[{"embeddable":true,"href":"https:\/\/svensklekplats.se\/index.php\/wp-json\/wp\/v2\/users\/1"}],"replies":[{"embeddable":true,"href":"https:\/\/svensklekplats.se\/index.php\/wp-json\/wp\/v2\/comments?post=2"}],"version-history":[{"count":295,"href":"https:\/\/svensklekplats.se\/index.php\/wp-json\/wp\/v2\/pages\/2\/revisions"}],"predecessor-version":[{"id":550,"href":"https:\/\/svensklekplats.se\/index.php\/wp-json\/wp\/v2\/pages\/2\/revisions\/550"}],"wp:attachment":[{"href":"https:\/\/svensklekplats.se\/index.php\/wp-json\/wp\/v2\/media?parent=2"}],"curies":[{"name":"wp","href":"https:\/\/api.w.org\/{rel}","templated":true}]}}